{"id":1124,"date":"2025-03-18T09:06:38","date_gmt":"2025-03-18T08:06:38","guid":{"rendered":"https:\/\/rolandumlauft.com\/politica-de-privacidad\/"},"modified":"2025-09-01T09:58:02","modified_gmt":"2025-09-01T07:58:02","slug":"politica-de-privacidad","status":"publish","type":"page","link":"https:\/\/rolandumlauft.com\/es\/politica-de-privacidad\/","title":{"rendered":"Pol\u00edtica de privacidad"},"content":{"rendered":"[vc_row type=\u00bbin_container\u00bb full_screen_row_position=\u00bbmiddle\u00bb column_margin=\u00bbdefault\u00bb column_direction=\u00bbdefault\u00bb column_direction_tablet=\u00bbdefault\u00bb column_direction_phone=\u00bbdefault\u00bb scene_position=\u00bbcenter\u00bb text_color=\u00bbdark\u00bb text_align=\u00bbleft\u00bb row_border_radius=\u00bbnone\u00bb row_border_radius_applies=\u00bbbg\u00bb overflow=\u00bbvisible\u00bb overlay_strength=\u00bb0.3&#8243; gradient_direction=\u00bbleft_to_right\u00bb shape_divider_position=\u00bbbottom\u00bb bg_image_animation=\u00bbnone\u00bb][vc_column column_padding=\u00bbno-extra-padding\u00bb column_padding_tablet=\u00bbinherit\u00bb column_padding_phone=\u00bbinherit\u00bb column_padding_position=\u00bball\u00bb column_element_direction_desktop=\u00bbdefault\u00bb column_element_spacing=\u00bbdefault\u00bb desktop_text_alignment=\u00bbdefault\u00bb tablet_text_alignment=\u00bbdefault\u00bb phone_text_alignment=\u00bbdefault\u00bb background_color_opacity=\u00bb1&#8243; background_hover_color_opacity=\u00bb1&#8243; column_backdrop_filter=\u00bbnone\u00bb column_shadow=\u00bbnone\u00bb column_border_radius=\u00bbnone\u00bb column_link_target=\u00bb_self\u00bb column_position=\u00bbdefault\u00bb gradient_direction=\u00bbleft_to_right\u00bb overlay_strength=\u00bb0.3&#8243; width=\u00bb1\/1&#8243; tablet_width_inherit=\u00bbdefault\u00bb animation_type=\u00bbdefault\u00bb bg_image_animation=\u00bbnone\u00bb border_type=\u00bbsimple\u00bb column_border_width=\u00bbnone\u00bb column_border_style=\u00bbsolid\u00bb][divider line_type=\u00bbNo Line\u00bb custom_height=\u00bb70px\u00bb][vc_custom_heading text=\u00bbUmlauft Consulting SL\u00bb font_container=\u00bbtag:h1|text_align:center\u00bb use_theme_fonts=\u00bbyes\u00bb css=\u00bb\u00bb][divider line_type=\u00bbNo Line\u00bb custom_height=\u00bb10px\u00bb][vc_column_text css=\u00bb\u00bb text_direction=\u00bbdefault\u00bb]<strong>\u00daltima actualizaci\u00f3n: 2 de junio de 2025<\/strong><br \/>\nEn Umlauft Consulting, nos comprometemos a proteger la privacidad de quienes visitan nuestro sitio web. Esta Pol\u00edtica de Privacidad explica c\u00f3mo gestionamos la informaci\u00f3n recopilada a trav\u00e9s de nuestro sitio web www.rolandumlauft.com, que tiene fines meramente informativos y no recopila datos personales de los usuarios directamente.[\/vc_column_text][vc_custom_heading text=\u00bb1. Quienes somos\u00bb use_theme_fonts=\u00bbyes\u00bb css=\u00bb\u00bb][vc_raw_html css=\u00bb\u00bb]PHVsPgo8bGk+PGI+Tm9tYnJlOjwvYj4gVW1sYXVmdCBDb25zdWx0aW5nIFNMPC9saT4KPGxpPjxiPk7Dum1lcm8gZGUgaWRlbnRpZmljYWNpw7NuIGZpc2NhbCAoTklGL0NJRik6IDwvYj4gQjU2OTEwMTEwPC9saT4KPGxpPjxiPkRpcnJlY2Npw7NuOjwvYj4gTm91IGRlIGxhIHJhbWJsYSA0OCwgMDgwMDEgQmFyY2Vsb25hPC9saT4KPGxpPjxiPkNvcnJlbyBlbGVjdHLDs25pY286PC9iPiBoZWxsb0Byb2xhbmR1bWxhdWZ0LmNvbTwvbGk+CjxsaT48Yj5TaXRpbyB3ZWI6PC9iPiB3d3cucm9sYW5kdW1sYXVmdC5jb208L2xpPgo8L3VsPg==[\/vc_raw_html][vc_custom_heading text=\u00bb2. Principios para el procesamiento de datos\u00bb use_theme_fonts=\u00bbyes\u00bb css=\u00bb\u00bb][vc_column_text css=\u00bb\u00bb text_direction=\u00bbdefault\u00bb]De conformidad con el RGPD y la LOPDGDD, nos adherimos a los siguientes principios en relaci\u00f3n con cualquier dato que pueda ser tratado indirectamente o a trav\u00e9s de intereses leg\u00edtimos (por ejemplo, an\u00e1lisis de sitios web):[\/vc_column_text][vc_raw_html css=\u00bb\u00bb]PHVsPgo8bGk+PGI+TGVnYWxpZGFkLCBlcXVpZGFkIHkgdHJhbnNwYXJlbmNpYTogPC9iPlByb2Nlc2Ftb3MgbG9zIGRhdG9zIGRlIGZvcm1hIGzDrWNpdGEsIGp1c3RhIHkgdHJhbnNwYXJlbnRlLjwvbGk+CjxsaT48Yj5MaW1pdGFjacOzbiBkZSBsYSBmaW5hbGlkYWQ6IDwvYj5SZWNvcGlsYW1vcyBkYXRvcyBwYXJhIGZpbmVzIGVzcGVjw61maWNvcywgZXhwbMOtY2l0b3MgeSBsZWfDrXRpbW9zIHkgbm8gbG9zIHByb2Nlc2Ftb3MgbcOhcyBkZSB1bmEgbWFuZXJhIHF1ZSBzZWEgaW5jb21wYXRpYmxlIGNvbiBkaWNob3MgZmluZXMuPC9saT4KPGxpPjxiPk1pbmltaXphY2nDs24gZGUgZGF0b3M6PC9iPiBOb3MgYXNlZ3VyYW1vcyBkZSBxdWUgbG9zIGRhdG9zIHJlY29waWxhZG9zIHNlYW4gYWRlY3VhZG9zLCByZWxldmFudGVzIHkgbGltaXRhZG9zIGEgbG8gbmVjZXNhcmlvIGVuIHJlbGFjacOzbiBjb24gbG9zIGZpbmVzIHBhcmEgbG9zIHF1ZSBzZSBwcm9jZXNhbi48L2xpPgo8bGk+PGI+UHJlY2lzacOzbjogPC9iPlRvbWFtb3MgdG9kYXMgbGFzIG1lZGlkYXMgcmF6b25hYmxlcyBwYXJhIGdhcmFudGl6YXIgcXVlIGxvcyBkYXRvcyBwZXJzb25hbGVzIHNlYW4gcHJlY2lzb3MgeSwgY3VhbmRvIHNlYSBuZWNlc2FyaW8sIHNlIG1hbnRlbmdhbiBhY3R1YWxpemFkb3MuPC9saT4KPGxpPjxiPkxpbWl0YWNpw7NuIGRlIGFsbWFjZW5hbWllbnRvOjwvYj4gQ29uc2VydmFtb3MgbG9zIGRhdG9zIGVuIHVuYSBmb3JtYSBxdWUgcGVybWl0ZSBsYSBpZGVudGlmaWNhY2nDs24gZGUgbG9zIGludGVyZXNhZG9zIOKAi+KAi2R1cmFudGUgbm8gbcOhcyB0aWVtcG8gZGVsIG5lY2VzYXJpbyBwYXJhIGxvcyBmaW5lcyBwYXJhIGxvcyBxdWUgc2UgcHJvY2VzYW4gbG9zIGRhdG9zIHBlcnNvbmFsZXMuPC9saT4KPGxpPjxiPkludGVncmlkYWQgeSBjb25maWRlbmNpYWxpZGFkOiA8L2I+UHJvY2VzYW1vcyBsb3MgZGF0b3MgZGUgdW5hIG1hbmVyYSBxdWUgZ2FyYW50aXphIGxhIHNlZ3VyaWRhZCBhZGVjdWFkYSBkZSBsb3MgZGF0b3MgcGVyc29uYWxlcywgaW5jbHVpZGEgbGEgcHJvdGVjY2nDs24gY29udHJhIGVsIHByb2Nlc2FtaWVudG8gbm8gYXV0b3JpemFkbyBvIGlsZWdhbCB5IGNvbnRyYSBww6lyZGlkYSwgZGVzdHJ1Y2Npw7NuIG8gZGHDsW8gYWNjaWRlbnRhbCwgdXRpbGl6YW5kbyBtZWRpZGFzIHTDqWNuaWNhcyB1IG9yZ2FuaXphdGl2YXMgYXByb3BpYWRhcy48L2xpPgo8L3VsPg==[\/vc_raw_html][vc_custom_heading text=\u00bb3. Informaci\u00f3n que no recopilamos directamente\u00bb use_theme_fonts=\u00bbyes\u00bb css=\u00bb\u00bb][vc_column_text css=\u00bb\u00bb text_direction=\u00bbdefault\u00bb]Nuestro sitio web est\u00e1 dise\u00f1ado para proporcionar informaci\u00f3n sobre nuestros servicios de consultor\u00eda y otros contenidos informativos. No utilizamos:[\/vc_column_text][vc_raw_html css=\u00bb\u00bb]PHVsPgo8bGk+Rm9ybXVsYXJpb3MgZGUgY29udGFjdG88L2xpPgo8bGk+Rm9ybXVsYXJpb3MgZGUgc3VzY3JpcGNpw7NuIGFsIGJvbGV0w61uIGluZm9ybWF0aXZvPC9saT4KPGxpPsOBcmVhcyBkZSByZWdpc3RybyBkZSB1c3VhcmlvcyBvIGluaWNpbyBkZSBzZXNpw7NuPC9saT4KPGxpPkZ1bmNpb25hbGlkYWRlcyBkZSB0aWVuZGEgb25saW5lIG8gY29tZXJjaW8gZWxlY3Ryw7NuaWNvPC9saT4KPGxpPlNlY2Npb25lcyBkZSBjb21lbnRhcmlvczwvbGk+CjwvdWw+[\/vc_raw_html][vc_custom_heading text=\u00bb4. Informaci\u00f3n recopilada autom\u00e1ticamente (an\u00e1lisis)\u00bb use_theme_fonts=\u00bbyes\u00bb css=\u00bb\u00bb][vc_column_text css=\u00bb\u00bb text_direction=\u00bbdefault\u00bb]Como la mayor\u00eda de los sitios web, nuestro sitio web puede utilizar registros est\u00e1ndar del servidor web y herramientas de an\u00e1lisis potencialmente an\u00f3nimas (por ejemplo, Google Analytics, si est\u00e1 implementado) para recopilar autom\u00e1ticamente cierta informaci\u00f3n no personal. Esta informaci\u00f3n se agrega y se utiliza con fines estad\u00edsticos para comprender c\u00f3mo los visitantes utilizan nuestro sitio y para mejorar su contenido y funcionalidad.<br \/>\nEsto puede incluir:[\/vc_column_text][vc_raw_html css=\u00bb\u00bb]PHVsPgo8bGk+U3UgZGlyZWNjacOzbiBJUCAoYW7Ds25pbWEgY3VhbmRvIHNlYSBwb3NpYmxlKTwvbGk+CjxsaT5UaXBvIHkgdmVyc2nDs24gZGVsIG5hdmVnYWRvcjwvbGk+CjxsaT5TaXN0ZW1hIG9wZXJhdGl2bzwvbGk+CjxsaT5EaXJlY2Npb25lcyBkZSBzaXRpb3Mgd2ViIGRlIHJlZmVyZW5jaWE8L2xpPgo8bGk+RmVjaGEgeSBob3JhIGRlIGxhIHZpc2l0YTwvbGk+CjxsaT5Qw6FnaW5hcyB2aXN0YXM8L2xpPgo8L3VsPg==[\/vc_raw_html][vc_column_text css=\u00bb\u00bb text_direction=\u00bbdefault\u00bb]Estos datos se procesan de forma que no identifican a las personas y se utilizan \u00fanicamente para analizar el tr\u00e1fico y las tendencias del sitio web. No vinculamos esta informaci\u00f3n a ning\u00fan dato personal identificable.[\/vc_column_text][vc_custom_heading text=\u00bb5. Cookies\u00bb use_theme_fonts=\u00bbyes\u00bb css=\u00bb\u00bb][vc_column_text css=\u00bb\u00bb text_direction=\u00bbdefault\u00bb]Nuestro sitio web puede utilizar cookies estrictamente necesarias para garantizar su correcto funcionamiento.<br \/>\nEstas cookies son esenciales para que usted navegue por el sitio web y utilice sus funciones. No recopilan informaci\u00f3n personal.<br \/>\nSi utiliz\u00e1ramos cookies no esenciales (por ejemplo, para an\u00e1lisis), implementar\u00edamos un aviso de consentimiento de cookies claro, de acuerdo con los requisitos del RGPD y la LOPDGDD. Dado que nuestro sitio web no interact\u00faa con el usuario y no recopila datos personales, el uso de estas cookies se minimiza o se evita.[\/vc_column_text][vc_custom_heading text=\u00bb6. Enlaces de terceros\u00bb use_theme_fonts=\u00bbyes\u00bb css=\u00bb\u00bb][vc_column_text css=\u00bb\u00bb text_direction=\u00bbdefault\u00bb]Nuestro sitio web puede contener enlaces a otros sitios web no operados por nosotros. Esta Pol\u00edtica de Privacidad solo aplica a nuestro sitio web. No tenemos control ni asumimos ninguna responsabilidad por el contenido, las pol\u00edticas de privacidad ni las pr\u00e1cticas de sitios o servicios de terceros. Le recomendamos que revise las pol\u00edticas de privacidad de cualquier sitio web de terceros que visite.[\/vc_column_text][vc_custom_heading text=\u00bb7. Seguridad de los datos\u00bb use_theme_fonts=\u00bbyes\u00bb css=\u00bb\u00bb][vc_column_text css=\u00bb\u00bb text_direction=\u00bbdefault\u00bb]Implementamos medidas t\u00e9cnicas y organizativas adecuadas para proteger la informaci\u00f3n de nuestro sitio web contra accesos, divulgaciones, alteraciones o destrucciones no autorizados. Sin embargo, tenga en cuenta que ning\u00fan m\u00e9todo de transmisi\u00f3n por internet ni de almacenamiento electr\u00f3nico es 100 % seguro.[\/vc_column_text][vc_custom_heading text=\u00bb8. Sus derechos (como sujeto de datos)\u00bb use_theme_fonts=\u00bbyes\u00bb css=\u00bb\u00bb][vc_column_text css=\u00bb\u00bb text_direction=\u00bbdefault\u00bb]Aunque no recopilamos directamente datos personales a trav\u00e9s de nuestro sitio web, si cree que estamos procesando alg\u00fan dato personal suyo (por ejemplo, a trav\u00e9s de medios indirectos o interacciones previas), tiene los siguientes derechos bajo GDPR y LOPDGDD:[\/vc_column_text][vc_raw_html css=\u00bb\u00bb]PHVsPgo8bGk+PGI+RGVyZWNobyBkZSBhY2Nlc286IDwvYj5Vc3RlZCB0aWVuZSBkZXJlY2hvIGEgc29saWNpdGFyIGFjY2VzbyBhIGN1YWxxdWllciBkYXRvIHBlcnNvbmFsIHF1ZSBwb2RhbW9zIHRlbmVyIHNvYnJlIHVzdGVkLjwvbGk+CjxsaT48Yj5EZXJlY2hvIGRlIFJlY3RpZmljYWNpw7NuOiA8L2I+VGllbmVzIGRlcmVjaG8gYSBzb2xpY2l0YXIgbGEgY29ycmVjY2nDs24gZGUgbG9zIGRhdG9zIGluZXhhY3RvcyBvIGluY29tcGxldG9zLjwvbGk+CjxsaT48Yj5EZXJlY2hvIGRlIHN1cHJlc2nDs24gKCJEZXJlY2hvIGFsIG9sdmlkbyIpOiA8L2I+VGllbmVzIGRlcmVjaG8gYSBzb2xpY2l0YXIgbGEgZWxpbWluYWNpw7NuIGRlIHR1cyBkYXRvcyBwZXJzb25hbGVzIGJham8gZGV0ZXJtaW5hZGFzIGNvbmRpY2lvbmVzLjwvbGk+CjxsaT5EZXJlY2hvIGEgbGEgcmVzdHJpY2Npw7NuIGRlbCBwcm9jZXNhbWllbnRvOiBVc3RlZCB0aWVuZSBkZXJlY2hvIGEgc29saWNpdGFyIHF1ZSByZXN0cmluamFtb3MgZWwgcHJvY2VzYW1pZW50byBkZSBzdXMgZGF0b3MgcGVyc29uYWxlcyBiYWpvIGNpZXJ0YXMgY29uZGljaW9uZXMuPC9saT4KPGxpPkRlcmVjaG8gYSBsYSBQb3J0YWJpbGlkYWQgZGUgbG9zIERhdG9zOiBUaWVuZXMgZGVyZWNobyBhIHJlY2liaXIgbG9zIGRhdG9zIHBlcnNvbmFsZXMgcXVlIG5vcyBoYXMgZmFjaWxpdGFkbyBlbiB1biBmb3JtYXRvIGVzdHJ1Y3R1cmFkbywgZGUgdXNvIGNvbcO6biB5IGxlY3R1cmEgbWVjw6FuaWNhIHkgdHJhbnNtaXRpcmxvcyBhIG90cm8gcmVzcG9uc2FibGUgZGVsIHRyYXRhbWllbnRvLjwvbGk+CjxsaT5EZXJlY2hvIGEgb3BvbmVyc2U6IFVzdGVkIHRpZW5lIGRlcmVjaG8gYSBvcG9uZXJzZSBhbCBwcm9jZXNhbWllbnRvIGRlIHN1cyBkYXRvcyBwZXJzb25hbGVzIGJham8gY2llcnRhcyBjb25kaWNpb25lcy48L2xpPgo8L3VsPg==[\/vc_raw_html][vc_column_text css=\u00bb\u00bb text_direction=\u00bbdefault\u00bb]Para ejercer cualquiera de estos derechos, cont\u00e1ctenos en hello@rolandumlauft.com. Responderemos a su solicitud de conformidad con la legislaci\u00f3n aplicable.[\/vc_column_text][vc_custom_heading text=\u00bb9. Cambios a esta Pol\u00edtica de Privacidad\u00bb use_theme_fonts=\u00bbyes\u00bb css=\u00bb\u00bb][vc_column_text css=\u00bb\u00bb text_direction=\u00bbdefault\u00bb]Podemos actualizar nuestra Pol\u00edtica de Privacidad peri\u00f3dicamente. Le notificaremos cualquier cambio publicando la nueva Pol\u00edtica de Privacidad en esta p\u00e1gina con la fecha de \u00ab\u00daltima Actualizaci\u00f3n\u00bb actualizada. Le recomendamos revisar esta Pol\u00edtica de Privacidad peri\u00f3dicamente para estar al tanto de cualquier cambio.[\/vc_column_text][vc_custom_heading text=\u00bb10. Contacta con nosotros\u00bb use_theme_fonts=\u00bbyes\u00bb css=\u00bb\u00bb][vc_column_text css=\u00bb\u00bb text_direction=\u00bbdefault\u00bb]Si tiene alguna pregunta sobre esta Pol\u00edtica de privacidad o nuestras pr\u00e1cticas de datos, cont\u00e1ctenos: hello@rolandumlauft.com[\/vc_column_text][\/vc_column][\/vc_row]\n","protected":false},"excerpt":{"rendered":"<p>[vc_row type=\u00bbin_container\u00bb full_screen_row_position=\u00bbmiddle\u00bb column_margin=\u00bbdefault\u00bb column_direction=\u00bbdefault\u00bb column_direction_tablet=\u00bbdefault\u00bb column_direction_phone=\u00bbdefault\u00bb scene_position=\u00bbcenter\u00bb text_color=\u00bbdark\u00bb text_align=\u00bbleft\u00bb row_border_radius=\u00bbnone\u00bb row_border_radius_applies=\u00bbbg\u00bb overflow=\u00bbvisible\u00bb overlay_strength=\u00bb0.3&#8243; gradient_direction=\u00bbleft_to_right\u00bb shape_divider_position=\u00bbbottom\u00bb bg_image_animation=\u00bbnone\u00bb][vc_column column_padding=\u00bbno-extra-padding\u00bb column_padding_tablet=\u00bbinherit\u00bb column_padding_phone=\u00bbinherit\u00bb column_padding_position=\u00bball\u00bb column_element_direction_desktop=\u00bbdefault\u00bb column_element_spacing=\u00bbdefault\u00bb desktop_text_alignment=\u00bbdefault\u00bb tablet_text_alignment=\u00bbdefault\u00bb phone_text_alignment=\u00bbdefault\u00bb background_color_opacity=\u00bb1&#8243; background_hover_color_opacity=\u00bb1&#8243; column_backdrop_filter=\u00bbnone\u00bb column_shadow=\u00bbnone\u00bb&#8230;<\/p>\n","protected":false},"author":1,"featured_media":0,"parent":0,"menu_order":0,"comment_status":"closed","ping_status":"closed","template":"","meta":{"inline_featured_image":false,"footnotes":""},"class_list":["post-1124","page","type-page","status-publish"],"_links":{"self":[{"href":"https:\/\/rolandumlauft.com\/es\/wp-json\/wp\/v2\/pages\/1124","targetHints":{"allow":["GET"]}}],"collection":[{"href":"https:\/\/rolandumlauft.com\/es\/wp-json\/wp\/v2\/pages"}],"about":[{"href":"https:\/\/rolandumlauft.com\/es\/wp-json\/wp\/v2\/types\/page"}],"author":[{"embeddable":true,"href":"https:\/\/rolandumlauft.com\/es\/wp-json\/wp\/v2\/users\/1"}],"replies":[{"embeddable":true,"href":"https:\/\/rolandumlauft.com\/es\/wp-json\/wp\/v2\/comments?post=1124"}],"version-history":[{"count":6,"href":"https:\/\/rolandumlauft.com\/es\/wp-json\/wp\/v2\/pages\/1124\/revisions"}],"predecessor-version":[{"id":1132,"href":"https:\/\/rolandumlauft.com\/es\/wp-json\/wp\/v2\/pages\/1124\/revisions\/1132"}],"wp:attachment":[{"href":"https:\/\/rolandumlauft.com\/es\/wp-json\/wp\/v2\/media?parent=1124"}],"curies":[{"name":"wp","href":"https:\/\/api.w.org\/{rel}","templated":true}]}}